{"id":29231,"date":"2022-06-05T21:34:40","date_gmt":"2022-06-05T19:34:40","guid":{"rendered":"https:\/\/www.trtdoc.ch\/?page_id=29231"},"modified":"2023-03-24T12:24:11","modified_gmt":"2023-03-24T11:24:11","slug":"imprint","status":"publish","type":"page","link":"https:\/\/www.trtdoc.ch\/en\/impressum\/","title":{"rendered":"Imprint"},"content":{"rendered":"<div data-elementor-type=\"wp-page\" data-elementor-id=\"29231\" class=\"elementor elementor-29231\" data-elementor-post-type=\"page\">\n\t\t\t\t\t\t<section class=\"elementor-section elementor-top-section elementor-element elementor-element-bdd8077 elementor-section-boxed elementor-section-height-default elementor-section-height-default\" data-id=\"bdd8077\" data-element_type=\"section\" data-e-type=\"section\">\n\t\t\t\t\t\t<div class=\"elementor-container elementor-column-gap-default\">\n\t\t\t\t\t<div class=\"elementor-column elementor-col-100 elementor-top-column elementor-element elementor-element-623d42b\" data-id=\"623d42b\" data-element_type=\"column\" data-e-type=\"column\">\n\t\t\t<div class=\"elementor-widget-wrap elementor-element-populated\">\n\t\t\t\t\t\t<div class=\"elementor-element elementor-element-0707936 elementor-widget elementor-widget-text-editor\" data-id=\"0707936\" data-element_type=\"widget\" data-e-type=\"widget\" data-widget_type=\"text-editor.default\">\n\t\t\t\t<div class=\"elementor-widget-container\">\n\t\t\t\t\t\t\t\t\t<h3><strong>Contact address<\/strong><\/h3><p>Family doctor's practice Lenzburg<br \/>Bahnhofstrasse 18, 5600 Lenzburg<br \/>Switzerland<\/p><p>E-mail: gabor.csikystrauss@hin.ch<\/p><p><strong>Authorized representative(s)<\/strong><\/p><p>Dr. Gabor Csiky-Strauss, Managing Director and Practice Owner<\/p><p><strong>Disclaimer<\/strong><\/p><p>The author accepts no liability whatsoever with regard to the correctness, accuracy, up-to-dateness, reliability and completeness of the information.<\/p><p>Liability claims against the author for damages of a material or immaterial nature arising from access to or use or non-use of the published information, misuse of the connection or technical faults are excluded.<\/p><p>All offers are non-binding. The author expressly reserves the right to change, supplement or delete parts of the pages or the entire offer without special notice or to cease publication temporarily or permanently.<\/p><p><strong>Disclaimer for links<\/strong><\/p><p>References and links to third-party websites are outside our area of responsibility. Any responsibility for such websites is rejected. Access to and use of such websites is at the user's own risk.<\/p><p><strong>Copyrights<\/strong><\/p><p>The copyright and all other rights to content, images, photos or other files on this website belong exclusively to the copyright holder. The written consent of the copyright holder must be obtained in advance for the reproduction of any elements.<\/p><p>Source: <a href=\"https:\/\/www.swissanwalt.ch\/\" target=\"_blank\" rel=\"noopener\">SwissAttorney<\/a><\/p>\t\t\t\t\t\t\t\t<\/div>\n\t\t\t\t<\/div>\n\t\t\t\t\t<\/div>\n\t\t<\/div>\n\t\t\t\t\t<\/div>\n\t\t<\/section>\n\t\t\t\t<\/div>","protected":false},"excerpt":{"rendered":"<p>Kontakt-Adresse Hausarztpraxis LenzburgBahnhofstrasse 18, 5600 LenzburgSchweiz E-Mail: gabor.csikystrauss@hin.ch Vertretungsberechtigte Person(en) Dr. Gabor Csiky-Strauss, Gesch\u00e4ftsf\u00fchrer und Praxisinhaber Haftungsausschluss Der Autor \u00fcbernimmt keinerlei Gew\u00e4hr hinsichtlich der inhaltlichen Richtigkeit, Genauigkeit, Aktualit\u00e4t, Zuverl\u00e4ssigkeit und Vollst\u00e4ndigkeit der Informationen. Haftungsanspr\u00fcche gegen den Autor wegen Sch\u00e4den materieller oder immaterieller Art, welche aus dem Zugriff oder der Nutzung bzw. Nichtnutzung der ver\u00f6ffentlichten Informationen, [&hellip;]<\/p>\n","protected":false},"author":1,"featured_media":0,"parent":0,"menu_order":0,"comment_status":"closed","ping_status":"closed","template":"elementor_header_footer","meta":{"footnotes":""},"class_list":["post-29231","page","type-page","status-publish","hentry"],"yoast_head":"<!-- This site is optimized with the Yoast SEO plugin v27.5 - https:\/\/yoast.com\/product\/yoast-seo-wordpress\/ -->\n<title>Impressum | TRTDoc<\/title>\n<meta name=\"robots\" content=\"index, follow, max-snippet:-1, max-image-preview:large, max-video-preview:-1\" \/>\n<link rel=\"canonical\" href=\"https:\/\/www.trtdoc.ch\/en\/imprint\/\" \/>\n<meta property=\"og:locale\" content=\"en_US\" \/>\n<meta property=\"og:type\" content=\"article\" \/>\n<meta property=\"og:title\" content=\"Impressum | TRTDoc\" \/>\n<meta property=\"og:description\" content=\"Kontakt-Adresse Hausarztpraxis LenzburgBahnhofstrasse 18, 5600 LenzburgSchweiz E-Mail: gabor.csikystrauss@hin.ch Vertretungsberechtigte Person(en) Dr. Gabor Csiky-Strauss, Gesch\u00e4ftsf\u00fchrer und Praxisinhaber Haftungsausschluss Der Autor \u00fcbernimmt keinerlei Gew\u00e4hr hinsichtlich der inhaltlichen Richtigkeit, Genauigkeit, Aktualit\u00e4t, Zuverl\u00e4ssigkeit und Vollst\u00e4ndigkeit der Informationen. Haftungsanspr\u00fcche gegen den Autor wegen Sch\u00e4den materieller oder immaterieller Art, welche aus dem Zugriff oder der Nutzung bzw. Nichtnutzung der ver\u00f6ffentlichten Informationen, [&hellip;]\" \/>\n<meta property=\"og:url\" content=\"https:\/\/www.trtdoc.ch\/en\/imprint\/\" \/>\n<meta property=\"og:site_name\" content=\"TRTDoc\" \/>\n<meta property=\"article:modified_time\" content=\"2023-03-24T11:24:11+00:00\" \/>\n<meta property=\"og:image\" content=\"https:\/\/www.trtdoc.ch\/wp-content\/uploads\/2024\/04\/WhatsApp-Image-2024-04-24-at-07.06.40-scaled-e1758485653333.jpeg\" \/>\n\t<meta property=\"og:image:width\" content=\"2335\" \/>\n\t<meta property=\"og:image:height\" content=\"1414\" \/>\n\t<meta property=\"og:image:type\" content=\"image\/jpeg\" \/>\n<meta name=\"twitter:card\" content=\"summary_large_image\" \/>\n<meta name=\"twitter:label1\" content=\"Est. reading time\" \/>\n\t<meta name=\"twitter:data1\" content=\"1 minute\" \/>\n<script type=\"application\/ld+json\" class=\"yoast-schema-graph\">{\"@context\":\"https:\\\/\\\/schema.org\",\"@graph\":[{\"@type\":\"WebPage\",\"@id\":\"https:\\\/\\\/www.trtdoc.ch\\\/impressum\\\/\",\"url\":\"https:\\\/\\\/www.trtdoc.ch\\\/impressum\\\/\",\"name\":\"Impressum | TRTDoc\",\"isPartOf\":{\"@id\":\"https:\\\/\\\/www.trtdoc.ch\\\/#website\"},\"datePublished\":\"2022-06-05T19:34:40+00:00\",\"dateModified\":\"2023-03-24T11:24:11+00:00\",\"breadcrumb\":{\"@id\":\"https:\\\/\\\/www.trtdoc.ch\\\/impressum\\\/#breadcrumb\"},\"inLanguage\":\"en-US\",\"potentialAction\":[{\"@type\":\"ReadAction\",\"target\":[\"https:\\\/\\\/www.trtdoc.ch\\\/impressum\\\/\"]}]},{\"@type\":\"BreadcrumbList\",\"@id\":\"https:\\\/\\\/www.trtdoc.ch\\\/impressum\\\/#breadcrumb\",\"itemListElement\":[{\"@type\":\"ListItem\",\"position\":1,\"name\":\"Home\",\"item\":\"https:\\\/\\\/www.trtdoc.ch\\\/\"},{\"@type\":\"ListItem\",\"position\":2,\"name\":\"Impressum\"}]},{\"@type\":\"WebSite\",\"@id\":\"https:\\\/\\\/www.trtdoc.ch\\\/#website\",\"url\":\"https:\\\/\\\/www.trtdoc.ch\\\/\",\"name\":\"TRTDoc\",\"description\":\"Ihr Spezialarzt f\u00fcr Testosteornersatztherapie in der Schweiz\",\"publisher\":{\"@id\":\"https:\\\/\\\/www.trtdoc.ch\\\/#organization\"},\"potentialAction\":[{\"@type\":\"SearchAction\",\"target\":{\"@type\":\"EntryPoint\",\"urlTemplate\":\"https:\\\/\\\/www.trtdoc.ch\\\/?s={search_term_string}\"},\"query-input\":{\"@type\":\"PropertyValueSpecification\",\"valueRequired\":true,\"valueName\":\"search_term_string\"}}],\"inLanguage\":\"en-US\"},{\"@type\":\"Organization\",\"@id\":\"https:\\\/\\\/www.trtdoc.ch\\\/#organization\",\"name\":\"TRTDoc\",\"url\":\"https:\\\/\\\/www.trtdoc.ch\\\/\",\"logo\":{\"@type\":\"ImageObject\",\"inLanguage\":\"en-US\",\"@id\":\"https:\\\/\\\/www.trtdoc.ch\\\/#\\\/schema\\\/logo\\\/image\\\/\",\"url\":\"https:\\\/\\\/www.trtdoc.ch\\\/wp-content\\\/uploads\\\/2022\\\/06\\\/logo-2.png\",\"contentUrl\":\"https:\\\/\\\/www.trtdoc.ch\\\/wp-content\\\/uploads\\\/2022\\\/06\\\/logo-2.png\",\"width\":2001,\"height\":634,\"caption\":\"TRTDoc\"},\"image\":{\"@id\":\"https:\\\/\\\/www.trtdoc.ch\\\/#\\\/schema\\\/logo\\\/image\\\/\"},\"sameAs\":[\"https:\\\/\\\/www.instagram.com\\\/trtdoc\\\/\"]}]}<\/script>\n<!-- \/ Yoast SEO plugin. -->","yoast_head_json":{"title":"Imprint | TRTDoc","robots":{"index":"index","follow":"follow","max-snippet":"max-snippet:-1","max-image-preview":"max-image-preview:large","max-video-preview":"max-video-preview:-1"},"canonical":"https:\/\/www.trtdoc.ch\/en\/imprint\/","og_locale":"en_US","og_type":"article","og_title":"Impressum | TRTDoc","og_description":"Kontakt-Adresse Hausarztpraxis LenzburgBahnhofstrasse 18, 5600 LenzburgSchweiz E-Mail: gabor.csikystrauss@hin.ch Vertretungsberechtigte Person(en) Dr. Gabor Csiky-Strauss, Gesch\u00e4ftsf\u00fchrer und Praxisinhaber Haftungsausschluss Der Autor \u00fcbernimmt keinerlei Gew\u00e4hr hinsichtlich der inhaltlichen Richtigkeit, Genauigkeit, Aktualit\u00e4t, Zuverl\u00e4ssigkeit und Vollst\u00e4ndigkeit der Informationen. Haftungsanspr\u00fcche gegen den Autor wegen Sch\u00e4den materieller oder immaterieller Art, welche aus dem Zugriff oder der Nutzung bzw. Nichtnutzung der ver\u00f6ffentlichten Informationen, [&hellip;]","og_url":"https:\/\/www.trtdoc.ch\/en\/imprint\/","og_site_name":"TRTDoc","article_modified_time":"2023-03-24T11:24:11+00:00","og_image":[{"width":2335,"height":1414,"url":"https:\/\/www.trtdoc.ch\/wp-content\/uploads\/2024\/04\/WhatsApp-Image-2024-04-24-at-07.06.40-scaled-e1758485653333.jpeg","type":"image\/jpeg"}],"twitter_card":"summary_large_image","twitter_misc":{"Est. reading time":"1 minute"},"schema":{"@context":"https:\/\/schema.org","@graph":[{"@type":"WebPage","@id":"https:\/\/www.trtdoc.ch\/impressum\/","url":"https:\/\/www.trtdoc.ch\/impressum\/","name":"Imprint | TRTDoc","isPartOf":{"@id":"https:\/\/www.trtdoc.ch\/#website"},"datePublished":"2022-06-05T19:34:40+00:00","dateModified":"2023-03-24T11:24:11+00:00","breadcrumb":{"@id":"https:\/\/www.trtdoc.ch\/impressum\/#breadcrumb"},"inLanguage":"en-US","potentialAction":[{"@type":"ReadAction","target":["https:\/\/www.trtdoc.ch\/impressum\/"]}]},{"@type":"BreadcrumbList","@id":"https:\/\/www.trtdoc.ch\/impressum\/#breadcrumb","itemListElement":[{"@type":"ListItem","position":1,"name":"Home","item":"https:\/\/www.trtdoc.ch\/"},{"@type":"ListItem","position":2,"name":"Impressum"}]},{"@type":"WebSite","@id":"https:\/\/www.trtdoc.ch\/#website","url":"https:\/\/www.trtdoc.ch\/","name":"TRTDoc","description":"Your specialist for testosterone replacement therapy in Switzerland","publisher":{"@id":"https:\/\/www.trtdoc.ch\/#organization"},"potentialAction":[{"@type":"SearchAction","target":{"@type":"EntryPoint","urlTemplate":"https:\/\/www.trtdoc.ch\/?s={search_term_string}"},"query-input":{"@type":"PropertyValueSpecification","valueRequired":true,"valueName":"search_term_string"}}],"inLanguage":"en-US"},{"@type":"Organization","@id":"https:\/\/www.trtdoc.ch\/#organization","name":"TRTDoc","url":"https:\/\/www.trtdoc.ch\/","logo":{"@type":"ImageObject","inLanguage":"en-US","@id":"https:\/\/www.trtdoc.ch\/#\/schema\/logo\/image\/","url":"https:\/\/www.trtdoc.ch\/wp-content\/uploads\/2022\/06\/logo-2.png","contentUrl":"https:\/\/www.trtdoc.ch\/wp-content\/uploads\/2022\/06\/logo-2.png","width":2001,"height":634,"caption":"TRTDoc"},"image":{"@id":"https:\/\/www.trtdoc.ch\/#\/schema\/logo\/image\/"},"sameAs":["https:\/\/www.instagram.com\/trtdoc\/"]}]}},"_links":{"self":[{"href":"https:\/\/www.trtdoc.ch\/en\/wp-json\/wp\/v2\/pages\/29231","targetHints":{"allow":["GET"]}}],"collection":[{"href":"https:\/\/www.trtdoc.ch\/en\/wp-json\/wp\/v2\/pages"}],"about":[{"href":"https:\/\/www.trtdoc.ch\/en\/wp-json\/wp\/v2\/types\/page"}],"author":[{"embeddable":true,"href":"https:\/\/www.trtdoc.ch\/en\/wp-json\/wp\/v2\/users\/1"}],"replies":[{"embeddable":true,"href":"https:\/\/www.trtdoc.ch\/en\/wp-json\/wp\/v2\/comments?post=29231"}],"version-history":[{"count":0,"href":"https:\/\/www.trtdoc.ch\/en\/wp-json\/wp\/v2\/pages\/29231\/revisions"}],"wp:attachment":[{"href":"https:\/\/www.trtdoc.ch\/en\/wp-json\/wp\/v2\/media?parent=29231"}],"curies":[{"name":"wp","href":"https:\/\/api.w.org\/{rel}","templated":true}]}}